{"id":1780,"date":"2022-10-25T14:22:36","date_gmt":"2022-10-25T12:22:36","guid":{"rendered":"http:\/\/berthet-sports.ovh\/mentions-legales\/"},"modified":"2022-12-05T09:58:55","modified_gmt":"2022-12-05T08:58:55","slug":"mentions-legales","status":"publish","type":"page","link":"https:\/\/www.berthet-sports.com\/en\/mentions-legales\/","title":{"rendered":"Legal notices"},"content":{"rendered":"\n<h3 class=\"wp-block-heading\">1. Informations g\u00e9n\u00e9rales<\/h3>\n\n\n\n<p>SARL BERTHET SKIS portant le siret 515 186 013 00014<br>APE : 714B<br>Si\u00e8ge social : Rue du Centre- 74260 LES GETS<br>T\u00e9l. : +33 (0)4 50 79 73 55<br>Fax : +33 (0)4 50 79 83 01<\/p>\n\n\n\n<p><strong>Directeur de la publication :<\/strong><br>BERTHET Jean-Pierre<\/p>\n\n\n\n<p><strong>Responsable de la r\u00e9daction :<\/strong><br>BERTHET Jean-Pierre<\/p>\n\n\n\n<p><strong>Conception et r\u00e9alisation :<\/strong><br>RL2B Design<br>17, route de Nanfray CRAN-GEVRIER - 74960 Annecy<br>T\u00e9l. +33 (0)4 50 08 74 04<\/p>\n\n\n\n<p><strong>H\u00e9bergement :<\/strong><br>SAS OVH<br>2 rue Kellermann \u2013 59100 Roubaix \u2013 France <br>59100 ROUBAIX<\/p>\n\n\n\n<h3 class=\"wp-block-heading\">2. Droits de propri\u00e9t\u00e9 intellectuelle<\/h3>\n\n\n\n<p>L'ensemble du contenu de ce site est r\u00e9gi par le code de la Propri\u00e9t\u00e9 Intellectuelle.<br>La pr\u00e9sentation et le contenu du pr\u00e9sent site constituent une oeuvre prot\u00e9g\u00e9e par les lois en vigueur sur la propri\u00e9t\u00e9 intellectuelle, dont Berthet Sports est titulaire.<\/p>\n\n\n\n<p>Les d\u00e9nominations ou appellations, les logos, le nom des produits et des services de la gammes, sont, sauf exceptions, des marques d\u00e9pos\u00e9es par Berthet Sports.<br>D'autres marques sont \u00e9galement cit\u00e9es. Elles sont utilis\u00e9es par Berthet Sports soit avec l'autorisation de leur titulaire, soit comme simple indication de produits ou services propos\u00e9s par Berthet Sports.<\/p>\n\n\n\n<p>Les photographies, textes, slogans, dessins, mod\u00e8les, images, s\u00e9quences anim\u00e9es sonores ou non ainsi que toutes \u0153uvres int\u00e9gr\u00e9s dans le site sont la propri\u00e9t\u00e9 de Berthet Sports ou de tiers ayant autoris\u00e9 Berthet Sports \u00e0 les utiliser.<\/p>\n\n\n\n<p><strong>Cr\u00e9dit photo<\/strong><\/p>\n\n\n\n<p>Les reproductions, sur un support papier ou informatique, dudit site et des \u00e9l\u00e9ments qui y sont reproduits sont autoris\u00e9es sous r\u00e9serve qu'elles soient strictement r\u00e9serv\u00e9es \u00e0 un usage personnel excluant tout usage \u00e0 des fins publicitaires et\/ou commerciales et\/ou d'information et\/ou qu'elles soient conformes aux dispositions de l'article L. 122-5 du Code de la Propri\u00e9t\u00e9 Intellectuelle.<\/p>\n\n\n\n<p>A l'exception des dispositions ci-dessus, toute reproduction, repr\u00e9sentation, utilisation ou modification, par quelque proc\u00e9d\u00e9 que ce soit et sur quelque support que ce soit, de tout ou partie du site, de tout ou partie des diff\u00e9rentes \u0153uvres et mod\u00e8les de produits qui le composent, sans avoir obtenu l'autorisation pr\u00e9alable de Berthet Sports, est strictement interdite et constitue un d\u00e9lit de contrefa\u00e7on puni de deux ans d'emprisonnement et de 150 000 euros d'amende.<\/p>\n\n\n\n<h3 class=\"wp-block-heading\">3. Informations sur les produits et services<\/h3>\n\n\n\n<p>Ce site constitue une pr\u00e9sentation g\u00e9n\u00e9rale de la gamme des produits et services Berthet Sports. Les informations textuelles, photographiques ou autres qui y sont pr\u00e9sent\u00e9es ont un caract\u00e8re g\u00e9n\u00e9ral purement informatif et ne sauraient constituer un document contractuel susceptible de fonder une quelconque action en justice.<br>Berthet Sports se r\u00e9serve le droit de modifier les informations figurant dans le pr\u00e9sent site, notamment relatives aux caract\u00e9ristiques techniques des produits pr\u00e9sent\u00e9s, \u00e0 tout moment, sans pr\u00e9avis, compte tenu de l'interactivit\u00e9 du site, sans que cela puisse engager la responsabilit\u00e9 de Berthet Sports, des membres de son r\u00e9seau ou de ses employ\u00e9s.<\/p>\n\n\n\n<p>Les photos des produits sont non contractuelles et les caract\u00e9ristiques techniques sujettes \u00e0 \u00e9volutions.<\/p>\n\n\n\n<h3 class=\"wp-block-heading\">4. Donn\u00e9es personnelles et autres donn\u00e9es<\/h3>\n\n\n\n<p><strong>\"Cookies\"<\/strong><\/p>\n\n\n\n<p>Lors de votre visite sur notre site, nous sommes susceptibles d'implanter un cookie dans votre ordinateur. Un cookie est un petit bloc de donn\u00e9es envoy\u00e9 \u00e0 votre navigateur par un serveur web et stock\u00e9 sur le disque dur de votre ordinateur. Le cookie ne nous permet pas de vous identifier personnellement. De mani\u00e8re g\u00e9n\u00e9rale, il nous permet d'enregistrer des informations relatives \u00e0 la navigation de votre ordinateur sur notre site (le pays et la langue choisie, etc.). Ces informations seront lues lors de vos visites ult\u00e9rieures afin de faciliter votre navigation.<br>Vous pouvez naturellement vous opposer \u00e0 l'enregistrement de cookies en configurant votre navigateur.<\/p>\n\n\n\n<p>Vous pouvez \u00e9galement supprimer les cookies \u00e0 tout moment et individuellement en vous rapportant au manuel d'utilisation de votre ordinateur.<\/p>\n\n\n\n<h3 class=\"wp-block-heading\">5. Liens hypertextes<\/h3>\n\n\n\n<p>La mise en place d'un lien hypertexte vers le site www.berthet-sports.com n\u00e9cessite une autorisation pr\u00e9alable \u00e9crite de Berthet Sports. Si vous souhaitez mettre en place un lien hypertexte vers notre site, vous devez en cons\u00e9quence prendre contact avec le responsable du site Berthet Sports.<\/p>\n\n\n\n<p>Berthet Sports ne peut en aucun cas \u00eatre tenue pour responsable des sites ayant un lien hypertexte avec le pr\u00e9sent site et d\u00e9cline toute responsabilit\u00e9 quant \u00e0 leur contenu et \u00e0 leur utilisation.<\/p>\n\n\n\n<h3 class=\"wp-block-heading\">6. Limitation de responsabilit\u00e9<\/h3>\n\n\n\n<p>L'utilisateur utilise le site \u00e0 ses seuls risques. En aucun cas, ni Berthet Sports, ni ses filiales, ni les membres de son r\u00e9seau ne pourront \u00eatre tenus responsables des dommages directs ou indirects, et notamment pr\u00e9judice mat\u00e9riel, perte de donn\u00e9es ou de programme, pr\u00e9judice financier, r\u00e9sultant de l'acc\u00e8s ou de l'utilisation de ce site ou de tous sites qui lui sont li\u00e9s. Le contenu du site est pr\u00e9sent\u00e9 sans aucune garantie de quelque nature que ce soit.<\/p>\n\n\n\n<p>Les informations sur les mod\u00e8les et leurs caract\u00e9ristiques correspondent \u00e0 une d\u00e9finition au moment de la mise en ligne ou des mises \u00e0 jour des diff\u00e9rentes pages du site; elles ne sont donn\u00e9es qu'\u00e0 titre indicatif et ne sauraient \u00eatre consid\u00e9r\u00e9es comme constituant une offre contractuelle de produits ou services \u00e9manant de Berthet Sports, de ses filiales ou des membres de son r\u00e9seau. Des erreurs ou omissions peuvent survenir.<\/p>\n\n\n\n<h3 class=\"wp-block-heading\">7. Droit applicable<\/h3>\n\n\n\n<p>Les pr\u00e9sentes Conditions G\u00e9n\u00e9rales sont soumises au droit interne fran\u00e7ais. La langue des Conditions G\u00e9n\u00e9rales est la langue fran\u00e7aise. En cas de litige, les tribunaux fran\u00e7ais seront seuls comp\u00e9tents.<\/p>\n\n\n\n<h3 class=\"wp-block-heading\">8. Mise \u00e0 jour des mentions l\u00e9gales<\/h3>\n\n\n\n<p>Berthet Sports se r\u00e9serve le droit de modifier et mettre \u00e0 jour \u00e0 tout moment l'acc\u00e8s au site ainsi que les mentions l\u00e9gales. Ces modifications et mises \u00e0 jour s'imposent \u00e0 l'utilisateur qui doit en cons\u00e9quence se r\u00e9f\u00e9rer r\u00e9guli\u00e8rement \u00e0 cette rubrique pour v\u00e9rifier les mentions l\u00e9gales en vigueur.<\/p>\n\n\n\n<h3 class=\"wp-block-heading\">9. Covid-19 - Remboursement <\/h3>\n\n\n\n<p>\u00ab COVID-19 : Remboursement des r\u00e9servations de location de ski en ligne non consomm\u00e9es.<\/p>\n\n\n\n<p>Vous souhaitez annuler votre commande ? En cette p\u00e9riode particuli\u00e8re, nous effectuerons le remboursement de votre acompte pay\u00e9 en ligne. Nous retiendrons seulement les frais de gestion Internet, soit 1,50\u20ac\/personne.<\/p>\n\n\n\n<p>Merci de nous faire parvenir votre demande par \u00e9crit \u00e0 l\u2019adresse e-mail info@berthet-sports.com, au plus tard 2 jours avant votre date de location suppos\u00e9e. \u00bb<\/p>\n\n\n\n<p>Cet hiver, le plaisir du ski et le grand air resteront intacts. Pour le reste, quelques gestes barri\u00e8res seront mis en place \u00e0 l\u2019int\u00e9rieur du magasin, pour la s\u00e9curit\u00e9 de tous :<\/p>\n\n\n\n<ul class=\"wp-block-list\">\n<li>Port du masque obligatoire pour tous<\/li>\n\n\n\n<li>Gel hydro-alcoolique \u00e0 disposition \u00e0 l\u2019entr\u00e9e du magasin<\/li>\n\n\n\n<li>D\u00e9sinfection des surfaces<\/li>\n<\/ul>\n","protected":false},"excerpt":{"rendered":"<p>1. Informations g\u00e9n\u00e9rales SARL BERTHET SKIS portant le siret 515 186 013 00014APE : 714BSi\u00e8ge social : Rue du Centre- 74260 LES GETST\u00e9l. : +33 (0)4 50 79 73 55Fax : +33 (0)4 50 79 83 01 Directeur de la publication :BERTHET Jean-Pierre Responsable de la r\u00e9daction :BERTHET Jean-Pierre Conception et r\u00e9alisation :RL2B Design17, route [&hellip;]<\/p>\n","protected":false},"author":1,"featured_media":0,"parent":0,"menu_order":0,"comment_status":"closed","ping_status":"closed","template":"","meta":{"_acf_changed":false,"footnotes":""},"class_list":["post-1780","page","type-page","status-publish","hentry"],"acf":[],"yoast_head":"<!-- This site is optimized with the Yoast SEO plugin v27.4 - https:\/\/yoast.com\/product\/yoast-seo-wordpress\/ -->\n<title>Terms &amp; Conditions<\/title>\n<meta name=\"description\" content=\"Berthet Sports: a ski and snowboard rental store in the resort of Les Gets. The very finest ski and snowboard equipment available to hire. Located at the foot of the ski slopes in the resort of Les Gets, Berthet Sports offers a comprehensive range of downhill skiing, ski touring and telemark equipment for hire. We have adult and children\u2019s ski and snowboard equipment to hire for all levels. For all your ski hire equipment in Les Gets, choose Berthet Sports!\" \/>\n<meta name=\"robots\" content=\"index, follow, max-snippet:-1, max-image-preview:large, max-video-preview:-1\" \/>\n<link rel=\"canonical\" href=\"https:\/\/www.berthet-sports.com\/en\/mentions-legales\/\" \/>\n<meta property=\"og:locale\" content=\"en_US\" \/>\n<meta property=\"og:type\" content=\"article\" \/>\n<meta property=\"og:title\" content=\"Terms &amp; Conditions\" \/>\n<meta property=\"og:description\" content=\"Berthet Sports: a ski and snowboard rental store in the resort of Les Gets. The very finest ski and snowboard equipment available to hire. Located at the foot of the ski slopes in the resort of Les Gets, Berthet Sports offers a comprehensive range of downhill skiing, ski touring and telemark equipment for hire. We have adult and children\u2019s ski and snowboard equipment to hire for all levels. For all your ski hire equipment in Les Gets, choose Berthet Sports!\" \/>\n<meta property=\"og:url\" content=\"https:\/\/www.berthet-sports.com\/en\/mentions-legales\/\" \/>\n<meta property=\"og:site_name\" content=\"Berthet Sports\" \/>\n<meta property=\"article:publisher\" content=\"https:\/\/fr-fr.facebook.com\/BerthetSports\/\" \/>\n<meta property=\"article:modified_time\" content=\"2022-12-05T08:58:55+00:00\" \/>\n<meta name=\"twitter:card\" content=\"summary_large_image\" \/>\n<meta name=\"twitter:label1\" content=\"Est. reading time\" \/>\n\t<meta name=\"twitter:data1\" content=\"6 minutes\" \/>\n<script type=\"application\/ld+json\" class=\"yoast-schema-graph\">{\"@context\":\"https:\\\/\\\/schema.org\",\"@graph\":[{\"@type\":\"WebPage\",\"@id\":\"https:\\\/\\\/www.berthet-sports.com\\\/en\\\/mentions-legales\\\/\",\"url\":\"https:\\\/\\\/www.berthet-sports.com\\\/en\\\/mentions-legales\\\/\",\"name\":\"Terms & Conditions\",\"isPartOf\":{\"@id\":\"https:\\\/\\\/www.berthet-sports.com\\\/en\\\/#website\"},\"datePublished\":\"2022-10-25T12:22:36+00:00\",\"dateModified\":\"2022-12-05T08:58:55+00:00\",\"description\":\"Berthet Sports: a ski and snowboard rental store in the resort of Les Gets. The very finest ski and snowboard equipment available to hire. Located at the foot of the ski slopes in the resort of Les Gets, Berthet Sports offers a comprehensive range of downhill skiing, ski touring and telemark equipment for hire. We have adult and children\u2019s ski and snowboard equipment to hire for all levels. For all your ski hire equipment in Les Gets, choose Berthet Sports!\",\"inLanguage\":\"en-US\",\"potentialAction\":[{\"@type\":\"ReadAction\",\"target\":[\"https:\\\/\\\/www.berthet-sports.com\\\/en\\\/mentions-legales\\\/\"]}]},{\"@type\":\"WebSite\",\"@id\":\"https:\\\/\\\/www.berthet-sports.com\\\/en\\\/#website\",\"url\":\"https:\\\/\\\/www.berthet-sports.com\\\/en\\\/\",\"name\":\"Berthet Sports\",\"description\":\"Location ski, snowboard, VTT Les Gets centre\",\"publisher\":{\"@id\":\"https:\\\/\\\/www.berthet-sports.com\\\/en\\\/#organization\"},\"potentialAction\":[{\"@type\":\"SearchAction\",\"target\":{\"@type\":\"EntryPoint\",\"urlTemplate\":\"https:\\\/\\\/www.berthet-sports.com\\\/en\\\/?s={search_term_string}\"},\"query-input\":{\"@type\":\"PropertyValueSpecification\",\"valueRequired\":true,\"valueName\":\"search_term_string\"}}],\"inLanguage\":\"en-US\"},{\"@type\":\"Organization\",\"@id\":\"https:\\\/\\\/www.berthet-sports.com\\\/en\\\/#organization\",\"name\":\"Berthet Sports\",\"url\":\"https:\\\/\\\/www.berthet-sports.com\\\/en\\\/\",\"logo\":{\"@type\":\"ImageObject\",\"inLanguage\":\"en-US\",\"@id\":\"https:\\\/\\\/www.berthet-sports.com\\\/en\\\/#\\\/schema\\\/logo\\\/image\\\/\",\"url\":\"https:\\\/\\\/www.berthet-sports.com\\\/wp-content\\\/uploads\\\/2022\\\/10\\\/favicon.png\",\"contentUrl\":\"https:\\\/\\\/www.berthet-sports.com\\\/wp-content\\\/uploads\\\/2022\\\/10\\\/favicon.png\",\"width\":45,\"height\":69,\"caption\":\"Berthet Sports\"},\"image\":{\"@id\":\"https:\\\/\\\/www.berthet-sports.com\\\/en\\\/#\\\/schema\\\/logo\\\/image\\\/\"},\"sameAs\":[\"https:\\\/\\\/fr-fr.facebook.com\\\/BerthetSports\\\/\"]}]}<\/script>\n<!-- \/ Yoast SEO plugin. -->","yoast_head_json":{"title":"Terms & Conditions","description":"Berthet Sports: a ski and snowboard rental store in the resort of Les Gets. The very finest ski and snowboard equipment available to hire. Located at the foot of the ski slopes in the resort of Les Gets, Berthet Sports offers a comprehensive range of downhill skiing, ski touring and telemark equipment for hire. We have adult and children\u2019s ski and snowboard equipment to hire for all levels. For all your ski hire equipment in Les Gets, choose Berthet Sports!","robots":{"index":"index","follow":"follow","max-snippet":"max-snippet:-1","max-image-preview":"max-image-preview:large","max-video-preview":"max-video-preview:-1"},"canonical":"https:\/\/www.berthet-sports.com\/en\/mentions-legales\/","og_locale":"en_US","og_type":"article","og_title":"Terms & Conditions","og_description":"Berthet Sports: a ski and snowboard rental store in the resort of Les Gets. The very finest ski and snowboard equipment available to hire. Located at the foot of the ski slopes in the resort of Les Gets, Berthet Sports offers a comprehensive range of downhill skiing, ski touring and telemark equipment for hire. We have adult and children\u2019s ski and snowboard equipment to hire for all levels. For all your ski hire equipment in Les Gets, choose Berthet Sports!","og_url":"https:\/\/www.berthet-sports.com\/en\/mentions-legales\/","og_site_name":"Berthet Sports","article_publisher":"https:\/\/fr-fr.facebook.com\/BerthetSports\/","article_modified_time":"2022-12-05T08:58:55+00:00","twitter_card":"summary_large_image","twitter_misc":{"Est. reading time":"6 minutes"},"schema":{"@context":"https:\/\/schema.org","@graph":[{"@type":"WebPage","@id":"https:\/\/www.berthet-sports.com\/en\/mentions-legales\/","url":"https:\/\/www.berthet-sports.com\/en\/mentions-legales\/","name":"Terms & Conditions","isPartOf":{"@id":"https:\/\/www.berthet-sports.com\/en\/#website"},"datePublished":"2022-10-25T12:22:36+00:00","dateModified":"2022-12-05T08:58:55+00:00","description":"Berthet Sports: a ski and snowboard rental store in the resort of Les Gets. The very finest ski and snowboard equipment available to hire. Located at the foot of the ski slopes in the resort of Les Gets, Berthet Sports offers a comprehensive range of downhill skiing, ski touring and telemark equipment for hire. We have adult and children\u2019s ski and snowboard equipment to hire for all levels. For all your ski hire equipment in Les Gets, choose Berthet Sports!","inLanguage":"en-US","potentialAction":[{"@type":"ReadAction","target":["https:\/\/www.berthet-sports.com\/en\/mentions-legales\/"]}]},{"@type":"WebSite","@id":"https:\/\/www.berthet-sports.com\/en\/#website","url":"https:\/\/www.berthet-sports.com\/en\/","name":"Berthet Sports","description":"Location ski, snowboard, VTT Les Gets centre","publisher":{"@id":"https:\/\/www.berthet-sports.com\/en\/#organization"},"potentialAction":[{"@type":"SearchAction","target":{"@type":"EntryPoint","urlTemplate":"https:\/\/www.berthet-sports.com\/en\/?s={search_term_string}"},"query-input":{"@type":"PropertyValueSpecification","valueRequired":true,"valueName":"search_term_string"}}],"inLanguage":"en-US"},{"@type":"Organization","@id":"https:\/\/www.berthet-sports.com\/en\/#organization","name":"Berthet Sports","url":"https:\/\/www.berthet-sports.com\/en\/","logo":{"@type":"ImageObject","inLanguage":"en-US","@id":"https:\/\/www.berthet-sports.com\/en\/#\/schema\/logo\/image\/","url":"https:\/\/www.berthet-sports.com\/wp-content\/uploads\/2022\/10\/favicon.png","contentUrl":"https:\/\/www.berthet-sports.com\/wp-content\/uploads\/2022\/10\/favicon.png","width":45,"height":69,"caption":"Berthet Sports"},"image":{"@id":"https:\/\/www.berthet-sports.com\/en\/#\/schema\/logo\/image\/"},"sameAs":["https:\/\/fr-fr.facebook.com\/BerthetSports\/"]}]}},"_links":{"self":[{"href":"https:\/\/www.berthet-sports.com\/en\/wp-json\/wp\/v2\/pages\/1780","targetHints":{"allow":["GET"]}}],"collection":[{"href":"https:\/\/www.berthet-sports.com\/en\/wp-json\/wp\/v2\/pages"}],"about":[{"href":"https:\/\/www.berthet-sports.com\/en\/wp-json\/wp\/v2\/types\/page"}],"author":[{"embeddable":true,"href":"https:\/\/www.berthet-sports.com\/en\/wp-json\/wp\/v2\/users\/1"}],"replies":[{"embeddable":true,"href":"https:\/\/www.berthet-sports.com\/en\/wp-json\/wp\/v2\/comments?post=1780"}],"version-history":[{"count":4,"href":"https:\/\/www.berthet-sports.com\/en\/wp-json\/wp\/v2\/pages\/1780\/revisions"}],"predecessor-version":[{"id":2357,"href":"https:\/\/www.berthet-sports.com\/en\/wp-json\/wp\/v2\/pages\/1780\/revisions\/2357"}],"wp:attachment":[{"href":"https:\/\/www.berthet-sports.com\/en\/wp-json\/wp\/v2\/media?parent=1780"}],"curies":[{"name":"wp","href":"https:\/\/api.w.org\/{rel}","templated":true}]}}