{"id":1782,"date":"2022-10-25T14:21:08","date_gmt":"2022-10-25T12:21:08","guid":{"rendered":"http:\/\/berthet-sports.ovh\/cgl-rgpd\/"},"modified":"2022-12-05T09:59:29","modified_gmt":"2022-12-05T08:59:29","slug":"cgl-rgpd","status":"publish","type":"page","link":"https:\/\/www.berthet-sports.com\/en\/cgl-rgpd\/","title":{"rendered":"GCR &amp; GDRP"},"content":{"rendered":"\n<h2 class=\"wp-block-heading\">Article 1<\/h2>\n\n\n\n<p>Berthet Sports enregistre les r\u00e9servations de diff\u00e9rents types de mat\u00e9riels de ski et autres services destin\u00e9s \u00e0 \u00eatre lou\u00e9s.<\/p>\n\n\n\n<h2 class=\"wp-block-heading\">Article 2<\/h2>\n\n\n\n<p>Les diff\u00e9rents mat\u00e9riels et autres services propos\u00e9s, sont d\u00e9crits selon un type de classification tels que d\u00e9taill\u00e9s sur les pages du site.<\/p>\n\n\n\n<p>Ils sont disponibles sous r\u00e9serve de confirmation par Berthet Sports; cette confirmation \u00e9tant effectu\u00e9e par courrier \u00e9lectronique (e-mail), \u00e0 l'adresse fournie par le client, apr\u00e8s r\u00e9ception du paiement des arrhes.<\/p>\n\n\n\n<p>Si le paiement est effectu\u00e9 par carte bancaire : d\u00e8s r\u00e9ception de la confirmation de la transaction du paiement du montant des arrhes :<\/p>\n\n\n\n<ul class=\"wp-block-list\">\n<li>Si le paiement est effectu\u00e9 par ch\u00e8que : \u00e0 r\u00e9ception du ch\u00e8que du montant des arrhes.<\/li>\n\n\n\n<li>Si le paiement est effectu\u00e9 par virement bancaire : \u00e0 r\u00e9ception du virement du montant des arrhes.<\/li>\n<\/ul>\n\n\n\n<h2 class=\"wp-block-heading\">Article 3<\/h2>\n\n\n\n<p>La commande du client se d\u00e9roule selon les \u00e9tapes suivantes :<\/p>\n\n\n\n<p>\u00c9tape 1 : s\u00e9lection de la prestation souhait\u00e9e dans l'espace de commerce en ligne ;<br>Etape 2 : renseignement des champs obligatoires du formulaire, valant bon de commande ;<br>Etape 3 : acceptation des conditions g\u00e9n\u00e9rales et de la commande ;<br>Etape 4 : v\u00e9rification par le client de la saisie de sa commande et des modifications \u00e9ventuelles ;<br>Etape 5 : confirmation du client de sa commande.<\/p>\n\n\n\n<h2 class=\"wp-block-heading\">Article 4<\/h2>\n\n\n\n<p>A compter de la confirmation de la r\u00e9servation, le client dispose d'un d\u00e9lai de sept jours francs pour exercer son droit de r\u00e9tractation, sans avoir \u00e0 justifier de motifs ni \u00e0 payer de p\u00e9nalit\u00e9s, conform\u00e9ment \u00e0 l'article L. 121-20 du Code de la Consommation.<\/p>\n\n\n\n<p>Cependant, conform\u00e9ment \u00e0 l'article L. 121-20-2 1\u00b0 du Code de la Consommation, le client ne pourra exercer son droit de r\u00e9tractation d\u00e8s lors qu'il aura acc\u00e9der \u00e0 la location et\/ou tout autre service avant la fin du d\u00e9lai de sept jours francs.<\/p>\n\n\n\n<h2 class=\"wp-block-heading\">Article 5<\/h2>\n\n\n\n<p>Le r\u00e8glement des sommes dues \u00e0 la r\u00e9servation est effectu\u00e9 par carte bancaire au moyen d'un syst\u00e8me de transmission s\u00e9curis\u00e9, par eTransaction, ou encore par virement bancaire ou ch\u00e8que adress\u00e9 par courrier \u00e0 :<\/p>\n\n\n\n<p>Berthet Sports Location - Route du Front de Neige - 74260 LES GETS - FRANCE<\/p>\n\n\n\n<p>Le ch\u00e8que devra \u00eatre envoy\u00e9 dans les 8 jours suivants la r\u00e9servation. Dans le cas contraire, la r\u00e9servation sera annul\u00e9e.<\/p>\n\n\n\n<p>Le mode de paiement disponible actuellement sur le site est s\u00e9curis\u00e9. Il a \u00e9t\u00e9 mis en place avec le partenaire bancaire (Cr\u00e9dit Agricole) et le partenaire informatique (eTransaction) de Berthet Sports.<\/p>\n\n\n\n<p>Tout paiement par carte bancaire d\u00e9clenche une demande syst\u00e9matique d'une autorisation de d\u00e9bit et tout rejet, quelle qu'en soit la cause, implique l'abandon de ladite commande par la soci\u00e9t\u00e9 Berthet Sports.<\/p>\n\n\n\n<h2 class=\"wp-block-heading\">Article 6<\/h2>\n\n\n\n<p>Les photographies et \u00e9l\u00e9ments graphiques pr\u00e9sent\u00e9s figurent \u00e0 titre indicatif, ils ne sont pas contractuels. Toutefois, Berthet Sports s'engage \u00e0 fournir un mat\u00e9riel de qualit\u00e9 et de technique correspondant \u00e0 la cat\u00e9gorie r\u00e9serv\u00e9e.<\/p>\n\n\n\n<h2 class=\"wp-block-heading\">Article 7<\/h2>\n\n\n\n<p>Les prix aff\u00e9rents aux mat\u00e9riels lou\u00e9s et autres services propos\u00e9s sont indiqu\u00e9s sur le site de Berthet Sports. Les prix sont indiqu\u00e9s en euros et tiennent compte de la TVA applicable au jour de la commande.<\/p>\n\n\n\n<p>Le prix des \u00e9quipements opposables au client est celui figurant sur le site au moment de la validation de la commande par le client.<\/p>\n\n\n\n<p>Le prix de location de mat\u00e9riel et\/ou autre service mentionn\u00e9 correspond \u00e0 une dur\u00e9e, \u00e0 une cat\u00e9gorie et \u00e0 une station d\u00e9termin\u00e9e ; suivant le nombre de jours de r\u00e9servation, un jour suppl\u00e9mentaire est offert.<br>Attention, ce jour suppl\u00e9mentaire n'est pas offert dans le cas d'offres packag\u00e9es incluant des services autres que la location de mat\u00e9riel;<\/p>\n\n\n\n<p>Le prix mentionn\u00e9 lors de la r\u00e9servation est \u00e9tabli pour la d\u00e9termination des arrhes \u00e0 payer lors de la r\u00e9servation, qui repr\u00e9sentent 15% de ce prix.<\/p>\n\n\n\n<p>Des frais de dossiers (1 euro par \u00e9quipement) doivent \u00eatres r\u00e9gl\u00e9s \u00e0 la r\u00e9servation.<\/p>\n\n\n\n<p>Le prix de location et\/ou autre service ne comprend pas les frais de communication li\u00e9s \u00e0 l'utilisation du site Berthet Sports.<\/p>\n\n\n\n<p>L'offre internet n'est cumulable avec aucune autre promotion : le paiement du solde en magasin ne peut \u00eatre soumis \u00e0 une remise suppl\u00e9mentaire, ni inclure les bons de r\u00e9duction ou autre r\u00e9duction d\u00e9coulant d'un partenariat (Cartes Pass Loisirs, Butterfly, etc....).<\/p>\n\n\n\n<h2 class=\"wp-block-heading\">Article 8<\/h2>\n\n\n\n<p>Le mat\u00e9riel et autres services r\u00e9serv\u00e9s seront disponibles pour la p\u00e9riode retenue dans le magasin loueur dont l'adresse est indiqu\u00e9e dans la confirmation.<\/p>\n\n\n\n<p>Toute r\u00e9clamation concernant le mat\u00e9riel lou\u00e9 et\/ou tout autre service devra \u00eatre adress\u00e9e \u00e0 ce magasin, par lettre recommand\u00e9e avec AR au plus tard, trois jours ouvrables apr\u00e8s la fin de la p\u00e9riode retenue.<\/p>\n\n\n\n<h2 class=\"wp-block-heading\">Article 9<\/h2>\n\n\n\n<p>Le mat\u00e9riel est r\u00e9put\u00e9 \u00eatre en bon \u00e9tat et propre \u00e0 une utilisation normale. Le client est seul juge de sa capacit\u00e9 \u00e0 utiliser ce mat\u00e9riel.<\/p>\n\n\n\n<p>Le mat\u00e9riel lou\u00e9 est plac\u00e9 sous la responsabilit\u00e9 du client d\u00e8s qu'il en prend possession. Il doit prendre soin du mat\u00e9riel et lui assurer un usage normal de loisirs \u00e0 l'exclusion de toutes comp\u00e9titions hormis des \u00e9preuves organis\u00e9es par des \u00e9tablissements agr\u00e9\u00e9s par le magasin loueur.<\/p>\n\n\n\n<p>Le mat\u00e9riel est lou\u00e9 \u00e0 l'usage exclusif du client et ne pourra en aucun cas \u00eatre pr\u00eat\u00e9 ou sous lou\u00e9 ni confi\u00e9 \u00e0 un tiers.<\/p>\n\n\n\n<p><strong>RESPONSABILITE - GARANTIE<\/strong><br>Sous r\u00e9serve de l'ex\u00e9cution des obligations d\u00e9coulant du contrat, le client b\u00e9n\u00e9ficie des dispositions suivantes, sauf cas de fraude :<\/p>\n\n\n\n<p><strong>1)<\/strong> Sauf si le client a souscrit la garantie abandon de recours \u00ab vol, casse \u00bb pr\u00e9vue au paragraphe 2) ci-dessous, le client ne b\u00e9n\u00e9ficie d'aucune couverture pour tous les dommages subis par la chose lou\u00e9e et engage personnellement sa responsabilit\u00e9 \u00e0 raison desdits dommages quelle qu'en soit la cause. Toutefois, le client ne saurait \u00eatre tenu responsable des cons\u00e9quences dommageables des vices cach\u00e9s du mat\u00e9riel lou\u00e9 ou de l'usure non apparente impropre \u00e0 l'usage auquel il est destin\u00e9, d\u00e8s lors que la preuve desdits vices ou usure peut \u00eatre apport\u00e9e par le client.<\/p>\n\n\n\n<p><strong>2)<\/strong> Garantie \u00ab vol, casse \u00bb : le client pourra en ligne ou lors de la prise de possession du mat\u00e9riel, souscrire une garantie payable d'avance et factur\u00e9e suivant les conditions affich\u00e9es dans ce magasin. Auquel cas, le loueur abandonnera tout recours contre le client et prendra en charge, dans le cadre d'une utilisation normale, l'int\u00e9gralit\u00e9 des frais de r\u00e9paration ou de remplacement apr\u00e8s d\u00e9duction de la franchise \u00e9quivalant au prix d'une location de 7 jours pour un mat\u00e9riel identique au mat\u00e9riel lou\u00e9. Le r\u00e8glement de cette franchise intervient en sus du r\u00e8glement des jours de location effectu\u00e9s.<\/p>\n\n\n\n<p>Mat\u00e9riel garanti : Franchise Mat\u00e9riel non garanti : Remboursement<br>49 euros pour Ski Junior D\u00e9tente \/ Bambin<br>69 euros pour Ski Loisirs \/ Junior Comp\u00e9tition<br>89 euros pour Ski Elite<br>129 euros pour Ski Performance<br>149 euros pour Ski Prestige<\/p>\n\n\n\n<p><strong>Facturation de 15 euros en cas de casse ou vol de b\u00e2tons<\/strong><\/p>\n\n\n\n<p>Conditions apllicables uniquement pour les skis.<br>La garantie ne s'applique pas aux b\u00e2tons et chaussures. 150 \u00e0 249 euros pour Ski Junior D\u00e9tente \/ Bambin<br>250 \u00e0 349 euros pour Ski Loisirs \/ Junior Comp\u00e9tition<br>350 \u00e0 449 euros pour Ski Elite<br>450 \u00e0 649 euros pour Ski Performance<br>+ de 650 euros pour Ski Prestige<\/p>\n\n\n\n<p>V\u00e9tust\u00e9 : -15% par ann\u00e9e d'anciennet\u00e9 du mat\u00e9riel<\/p>\n\n\n\n<p><strong>Pour permettre la mise en jeu de cette garantie, le client devra :<\/strong><\/p>\n\n\n\n<p>- en cas de vol : fournir au magasin, dans les 24 heures, l'original du d\u00e9p\u00f4t de plainte pour vol, d\u00e9livr\u00e9 par la gendarmerie ou les services de police.<\/p>\n\n\n\n<p>- en cas de casse : restituer le mat\u00e9riel endommag\u00e9 au magasin Berthet Sports et celui-ci devra \u00eatre reconnaissable et complet.<\/p>\n\n\n\n<p><strong>3)<\/strong> La perte et la disparition du mat\u00e9riel ne sont pas couverts. Dans ces cas, le mat\u00e9riel sera factur\u00e9 au client sur la base du prix de vente TTC du mat\u00e9riel, d\u00e9duction faite d'un pourcentage de v\u00e9tust\u00e9 de 15% par an.<\/p>\n\n\n\n<p><strong>4)<\/strong> En cas de vol par le client, de d\u00e9tournement ou dommage quelconque au mat\u00e9riel r\u00e9sultant du non-respect des r\u00e8gles d'utilisation ou de la r\u00e9glementation en vigueur, ou des termes et conditions du pr\u00e9sent contrat, Twinner Sport est habilit\u00e9e \u00e0 exercer un recours pour la totalit\u00e9 du pr\u00e9judice.<\/p>\n\n\n\n<h2 class=\"wp-block-heading\">Article 10<\/h2>\n\n\n\n<p>Chaque dur\u00e9e de location des \u00e9quipements peut-\u00eatre ajust\u00e9e gr\u00e2ce \u00e0 la personnalisation \u00ab multi-date \u00bb.<\/p>\n\n\n\n<p>La dur\u00e9e de location et\/ou tout autre service est fix\u00e9e pour la p\u00e9riode indiqu\u00e9e sur la r\u00e9servation ; la journ\u00e9e d\u00e9butant \u00e0 l'ouverture du magasin loueur et se terminant \u00e0 sa fermeture.<\/p>\n\n\n\n<p>En aucun cas, cette p\u00e9riode ne pourra \u00eatre modifi\u00e9e sans l'accord du magasin loueur.<\/p>\n\n\n\n<p>Apr\u00e8s retrait du mat\u00e9riel, si le client r\u00e9duit la dur\u00e9e de location pour quelque cause que ce soit, le r\u00e8glement des arrhes ainsi que le r\u00e8glement du solde d\u00e9finitif du prix de la location ne pourront donner lieu \u00e0 un remboursement.<\/p>\n\n\n\n<p>Le mat\u00e9riel doit \u00eatre retir\u00e9 le jour pr\u00e9vu ; tout retard devra \u00eatre signal\u00e9 au magasin loueur.<\/p>\n\n\n\n<p>Pass\u00e9 un d\u00e9lai de 2 jours, la r\u00e9servation sera annul\u00e9e et le montant des arrhes conserv\u00e9 par Berthet Sports.<\/p>\n\n\n\n<h2 class=\"wp-block-heading\">Article 11<\/h2>\n\n\n\n<p>Le mat\u00e9riel ou l'\u00e9quipement devra \u00eatre restitu\u00e9 en bon \u00e9tat.<\/p>\n\n\n\n<p>Le d\u00e9faut de restitution de mat\u00e9riel pourra donner lieu \u00e0 la mise en place d'une proc\u00e9dure de restitution engag\u00e9e \u00e0 l'encontre du client et dont les frais seront \u00e0 la charge de celui-ci, en sus du prix du mat\u00e9riel non restitu\u00e9 qui lui sera factur\u00e9 \u00e0 sa valeur marchande TTC \u00e0 la date pr\u00e9vue de restitution.<\/p>\n\n\n\n<h2 class=\"wp-block-heading\">Article 12<\/h2>\n\n\n\n<p>En choisissant l'option \u00ab garantie annulation s\u00e9jour \u00bb (facultative), le client a la possibilit\u00e9 de renoncer \u00e0 la location de mat\u00e9riel et\/ou autre service, \u00e0 condition de le faire jusqu'\u00e0 la veille de la date pr\u00e9vue par email \u00e0 info@berthet-sports.com<\/p>\n\n\n\n<p>A d\u00e9faut de faire conna\u00eetre son intention de renoncer \u00e0 la location dans le d\u00e9lai ci-dessus, la somme vers\u00e9e ne sera pas restitu\u00e9e.<\/p>\n\n\n\n<h2 class=\"wp-block-heading\">Article 13<\/h2>\n\n\n\n<p>Le fait pour le client d'activer l'option \u00ab j'accepte les conditions g\u00e9n\u00e9rales de location et autres services \u00bb, vaut l'acceptation des pr\u00e9sentes conditions g\u00e9n\u00e9rales ainsi que du bon de commande et constitue une signature \u00e9lectronique qui a, entre les parties, la m\u00eame valeur qu'une signature manuscrite.<\/p>\n\n\n\n<h2 class=\"wp-block-heading\">Article 14<\/h2>\n\n\n\n<p>Des liens hypertextes peuvent renvoyer vers d'autres sites que celui de Berthet Sports; Berthet Sports ne saurait \u00eatre responsable, \u00e0 quelque titre que ce soit, du contenu des sites visit\u00e9s par l'internaute, dans le cas o\u00f9 ces sites contreviendraient aux dispositions l\u00e9gales et r\u00e9glementaires en vigueur.<\/p>\n\n\n\n<h2 class=\"wp-block-heading\">Article 15<\/h2>\n\n\n\n<p>Les informations qui sont demand\u00e9es par Berthet Sports sont n\u00e9cessaires au traitement de la commande.<\/p>\n\n\n\n<p>Le client dispose d'un droit d'acc\u00e8s, de modification, de rectification, de suppression des donn\u00e9es qui le concernent, en \u00e9crivant \u00e0 Berthet Sports :<\/p>\n\n\n\n<ul class=\"wp-block-list\">\n<li>Par email : info@berthet-sports.com<\/li>\n\n\n\n<li>Par courrier postal : Berthet Sports Location - Route du Front de Neige - 74260 LES GETS - FRANCE.<\/li>\n<\/ul>\n\n\n\n<h2 class=\"wp-block-heading\">Article 16<\/h2>\n\n\n\n<p>La version des conditions g\u00e9n\u00e9rales opposables au client est celle figurant sur le site au moment de la validation de la commande par le client.<\/p>\n\n\n\n<p>Les conditions g\u00e9n\u00e9rales figurant en ligne sur le site web de Berthet Sports pr\u00e9valent sur toutes les versions papier de dates ant\u00e9rieures.<\/p>\n\n\n\n<p>Les conditions g\u00e9n\u00e9rales sont susceptibles d'\u00eatre modifi\u00e9es \u00e0 tout moment par Berthet Sports.<\/p>\n\n\n\n<p>Les diff\u00e9rentes versions des conditions g\u00e9n\u00e9rales sont archiv\u00e9es par Berthet Sports.<\/p>\n\n\n\n<h2 class=\"wp-block-heading\">Article 17<\/h2>\n\n\n\n<p>Les transactions sont effectu\u00e9es en langue fran\u00e7aise (les traductions en autres langues n'ayant qu'une valeur indicative).<\/p>\n\n\n\n<p>Ce contrat est soumis aux lois fran\u00e7aises, et les transactions sont effectu\u00e9es en Euros.<\/p>\n\n\n\n<h2 class=\"wp-block-heading\">Article 18<\/h2>\n\n\n\n<p>Garantie neige : toute r\u00e9servation effectu\u00e9e en ligne est soumise \u00e0 la Garantie Neige.<br>Le magasin s'engage \u00e0 diminuer le solde d\u00fb et \u00e0 assurer un remboursement en calculant un prorata en fonction des jours non ski\u00e9s pour manque de neige ou intemp\u00e9ries, \u00e0 la condition expresse que la soci\u00e9t\u00e9 g\u00e9rant les remont\u00e9es m\u00e9caniques de la station ait rembours\u00e9 le client pour les forfaits non utilis\u00e9s pour les jours concern\u00e9s.<br>Si la soci\u00e9t\u00e9 des remont\u00e9es m\u00e9caniques n'a pas int\u00e9gralement assur\u00e9 le remboursement, en aucun cas le magasin sera habilit\u00e9 \u00e0 r\u00e9duire le solde qui lui est d\u00fb.<\/p>\n","protected":false},"excerpt":{"rendered":"<p>Article 1 Berthet Sports enregistre les r\u00e9servations de diff\u00e9rents types de mat\u00e9riels de ski et autres services destin\u00e9s \u00e0 \u00eatre lou\u00e9s. Article 2 Les diff\u00e9rents mat\u00e9riels et autres services propos\u00e9s, sont d\u00e9crits selon un type de classification tels que d\u00e9taill\u00e9s sur les pages du site. Ils sont disponibles sous r\u00e9serve de confirmation par Berthet Sports; [&hellip;]<\/p>\n","protected":false},"author":1,"featured_media":0,"parent":0,"menu_order":0,"comment_status":"closed","ping_status":"closed","template":"","meta":{"_acf_changed":false,"footnotes":""},"class_list":["post-1782","page","type-page","status-publish","hentry"],"acf":[],"yoast_head":"<!-- This site is optimized with the Yoast SEO plugin v26.6 - https:\/\/yoast.com\/wordpress\/plugins\/seo\/ -->\n<title>General rental conditions<\/title>\n<meta name=\"description\" content=\"Berthet Sports: a ski and snowboard rental store in the resort of Les Gets. The very finest ski and snowboard equipment available to hire. Located at the foot of the ski slopes in the resort of Les Gets, Berthet Sports offers a comprehensive range of downhill skiing, ski touring and telemark equipment for hire. We have adult and children\u2019s ski and snowboard equipment to hire for all levels. For all your ski hire equipment in Les Gets, choose Berthet Sports!\" \/>\n<meta name=\"robots\" content=\"index, follow, max-snippet:-1, max-image-preview:large, max-video-preview:-1\" \/>\n<link rel=\"canonical\" href=\"https:\/\/www.berthet-sports.com\/en\/cgl-rgpd\/\" \/>\n<meta property=\"og:locale\" content=\"en_US\" \/>\n<meta property=\"og:type\" content=\"article\" \/>\n<meta property=\"og:title\" content=\"General rental conditions\" \/>\n<meta property=\"og:description\" content=\"Berthet Sports: a ski and snowboard rental store in the resort of Les Gets. The very finest ski and snowboard equipment available to hire. Located at the foot of the ski slopes in the resort of Les Gets, Berthet Sports offers a comprehensive range of downhill skiing, ski touring and telemark equipment for hire. We have adult and children\u2019s ski and snowboard equipment to hire for all levels. For all your ski hire equipment in Les Gets, choose Berthet Sports!\" \/>\n<meta property=\"og:url\" content=\"https:\/\/www.berthet-sports.com\/en\/cgl-rgpd\/\" \/>\n<meta property=\"og:site_name\" content=\"Berthet Sports\" \/>\n<meta property=\"article:publisher\" content=\"https:\/\/fr-fr.facebook.com\/BerthetSports\/\" \/>\n<meta property=\"article:modified_time\" content=\"2022-12-05T08:59:29+00:00\" \/>\n<meta name=\"twitter:card\" content=\"summary_large_image\" \/>\n<meta name=\"twitter:label1\" content=\"Est. reading time\" \/>\n\t<meta name=\"twitter:data1\" content=\"10 minutes\" \/>\n<script type=\"application\/ld+json\" class=\"yoast-schema-graph\">{\"@context\":\"https:\/\/schema.org\",\"@graph\":[{\"@type\":\"WebPage\",\"@id\":\"https:\/\/www.berthet-sports.com\/en\/cgl-rgpd\/\",\"url\":\"https:\/\/www.berthet-sports.com\/en\/cgl-rgpd\/\",\"name\":\"General rental conditions\",\"isPartOf\":{\"@id\":\"https:\/\/www.berthet-sports.com\/en\/#website\"},\"datePublished\":\"2022-10-25T12:21:08+00:00\",\"dateModified\":\"2022-12-05T08:59:29+00:00\",\"description\":\"Berthet Sports: a ski and snowboard rental store in the resort of Les Gets. The very finest ski and snowboard equipment available to hire. Located at the foot of the ski slopes in the resort of Les Gets, Berthet Sports offers a comprehensive range of downhill skiing, ski touring and telemark equipment for hire. We have adult and children\u2019s ski and snowboard equipment to hire for all levels. For all your ski hire equipment in Les Gets, choose Berthet Sports!\",\"inLanguage\":\"en-US\",\"potentialAction\":[{\"@type\":\"ReadAction\",\"target\":[\"https:\/\/www.berthet-sports.com\/en\/cgl-rgpd\/\"]}]},{\"@type\":\"WebSite\",\"@id\":\"https:\/\/www.berthet-sports.com\/en\/#website\",\"url\":\"https:\/\/www.berthet-sports.com\/en\/\",\"name\":\"Berthet Sports\",\"description\":\"Location ski, snowboard, VTT Les Gets centre\",\"publisher\":{\"@id\":\"https:\/\/www.berthet-sports.com\/en\/#organization\"},\"potentialAction\":[{\"@type\":\"SearchAction\",\"target\":{\"@type\":\"EntryPoint\",\"urlTemplate\":\"https:\/\/www.berthet-sports.com\/en\/?s={search_term_string}\"},\"query-input\":{\"@type\":\"PropertyValueSpecification\",\"valueRequired\":true,\"valueName\":\"search_term_string\"}}],\"inLanguage\":\"en-US\"},{\"@type\":\"Organization\",\"@id\":\"https:\/\/www.berthet-sports.com\/en\/#organization\",\"name\":\"Berthet Sports\",\"url\":\"https:\/\/www.berthet-sports.com\/en\/\",\"logo\":{\"@type\":\"ImageObject\",\"inLanguage\":\"en-US\",\"@id\":\"https:\/\/www.berthet-sports.com\/en\/#\/schema\/logo\/image\/\",\"url\":\"https:\/\/www.berthet-sports.com\/wp-content\/uploads\/2022\/10\/favicon.png\",\"contentUrl\":\"https:\/\/www.berthet-sports.com\/wp-content\/uploads\/2022\/10\/favicon.png\",\"width\":45,\"height\":69,\"caption\":\"Berthet Sports\"},\"image\":{\"@id\":\"https:\/\/www.berthet-sports.com\/en\/#\/schema\/logo\/image\/\"},\"sameAs\":[\"https:\/\/fr-fr.facebook.com\/BerthetSports\/\"]}]}<\/script>\n<!-- \/ Yoast SEO plugin. -->","yoast_head_json":{"title":"General rental conditions","description":"Berthet Sports: a ski and snowboard rental store in the resort of Les Gets. The very finest ski and snowboard equipment available to hire. Located at the foot of the ski slopes in the resort of Les Gets, Berthet Sports offers a comprehensive range of downhill skiing, ski touring and telemark equipment for hire. We have adult and children\u2019s ski and snowboard equipment to hire for all levels. For all your ski hire equipment in Les Gets, choose Berthet Sports!","robots":{"index":"index","follow":"follow","max-snippet":"max-snippet:-1","max-image-preview":"max-image-preview:large","max-video-preview":"max-video-preview:-1"},"canonical":"https:\/\/www.berthet-sports.com\/en\/cgl-rgpd\/","og_locale":"en_US","og_type":"article","og_title":"General rental conditions","og_description":"Berthet Sports: a ski and snowboard rental store in the resort of Les Gets. The very finest ski and snowboard equipment available to hire. Located at the foot of the ski slopes in the resort of Les Gets, Berthet Sports offers a comprehensive range of downhill skiing, ski touring and telemark equipment for hire. We have adult and children\u2019s ski and snowboard equipment to hire for all levels. For all your ski hire equipment in Les Gets, choose Berthet Sports!","og_url":"https:\/\/www.berthet-sports.com\/en\/cgl-rgpd\/","og_site_name":"Berthet Sports","article_publisher":"https:\/\/fr-fr.facebook.com\/BerthetSports\/","article_modified_time":"2022-12-05T08:59:29+00:00","twitter_card":"summary_large_image","twitter_misc":{"Est. reading time":"10 minutes"},"schema":{"@context":"https:\/\/schema.org","@graph":[{"@type":"WebPage","@id":"https:\/\/www.berthet-sports.com\/en\/cgl-rgpd\/","url":"https:\/\/www.berthet-sports.com\/en\/cgl-rgpd\/","name":"General rental conditions","isPartOf":{"@id":"https:\/\/www.berthet-sports.com\/en\/#website"},"datePublished":"2022-10-25T12:21:08+00:00","dateModified":"2022-12-05T08:59:29+00:00","description":"Berthet Sports: a ski and snowboard rental store in the resort of Les Gets. The very finest ski and snowboard equipment available to hire. Located at the foot of the ski slopes in the resort of Les Gets, Berthet Sports offers a comprehensive range of downhill skiing, ski touring and telemark equipment for hire. We have adult and children\u2019s ski and snowboard equipment to hire for all levels. For all your ski hire equipment in Les Gets, choose Berthet Sports!","inLanguage":"en-US","potentialAction":[{"@type":"ReadAction","target":["https:\/\/www.berthet-sports.com\/en\/cgl-rgpd\/"]}]},{"@type":"WebSite","@id":"https:\/\/www.berthet-sports.com\/en\/#website","url":"https:\/\/www.berthet-sports.com\/en\/","name":"Berthet Sports","description":"Location ski, snowboard, VTT Les Gets centre","publisher":{"@id":"https:\/\/www.berthet-sports.com\/en\/#organization"},"potentialAction":[{"@type":"SearchAction","target":{"@type":"EntryPoint","urlTemplate":"https:\/\/www.berthet-sports.com\/en\/?s={search_term_string}"},"query-input":{"@type":"PropertyValueSpecification","valueRequired":true,"valueName":"search_term_string"}}],"inLanguage":"en-US"},{"@type":"Organization","@id":"https:\/\/www.berthet-sports.com\/en\/#organization","name":"Berthet Sports","url":"https:\/\/www.berthet-sports.com\/en\/","logo":{"@type":"ImageObject","inLanguage":"en-US","@id":"https:\/\/www.berthet-sports.com\/en\/#\/schema\/logo\/image\/","url":"https:\/\/www.berthet-sports.com\/wp-content\/uploads\/2022\/10\/favicon.png","contentUrl":"https:\/\/www.berthet-sports.com\/wp-content\/uploads\/2022\/10\/favicon.png","width":45,"height":69,"caption":"Berthet Sports"},"image":{"@id":"https:\/\/www.berthet-sports.com\/en\/#\/schema\/logo\/image\/"},"sameAs":["https:\/\/fr-fr.facebook.com\/BerthetSports\/"]}]}},"_links":{"self":[{"href":"https:\/\/www.berthet-sports.com\/en\/wp-json\/wp\/v2\/pages\/1782","targetHints":{"allow":["GET"]}}],"collection":[{"href":"https:\/\/www.berthet-sports.com\/en\/wp-json\/wp\/v2\/pages"}],"about":[{"href":"https:\/\/www.berthet-sports.com\/en\/wp-json\/wp\/v2\/types\/page"}],"author":[{"embeddable":true,"href":"https:\/\/www.berthet-sports.com\/en\/wp-json\/wp\/v2\/users\/1"}],"replies":[{"embeddable":true,"href":"https:\/\/www.berthet-sports.com\/en\/wp-json\/wp\/v2\/comments?post=1782"}],"version-history":[{"count":4,"href":"https:\/\/www.berthet-sports.com\/en\/wp-json\/wp\/v2\/pages\/1782\/revisions"}],"predecessor-version":[{"id":2358,"href":"https:\/\/www.berthet-sports.com\/en\/wp-json\/wp\/v2\/pages\/1782\/revisions\/2358"}],"wp:attachment":[{"href":"https:\/\/www.berthet-sports.com\/en\/wp-json\/wp\/v2\/media?parent=1782"}],"curies":[{"name":"wp","href":"https:\/\/api.w.org\/{rel}","templated":true}]}}